{"id":128,"date":"2015-11-13T11:15:42","date_gmt":"2015-11-13T10:15:42","guid":{"rendered":"http:\/\/www.agrarhof.at\/?page_id=128"},"modified":"2016-02-23T19:54:06","modified_gmt":"2016-02-23T18:54:06","slug":"waermelieferung","status":"publish","type":"page","link":"https:\/\/agrarhof.at\/index.php\/service\/waermelieferung\/","title":{"rendered":"W\u00e4rmelieferung"},"content":{"rendered":"<p>Ein zus\u00e4tzliches Angebot des Agrarservice Holzinger e. U., ist die Betreuung von Nahw\u00e4rmeheizungen. Neben Trocknung und Lieferung des Hackguts an den jeweiligen Standort ist besonders das st\u00e4ndige Warten der Heizungen das A und O.<\/p>\n<p><a class=\"litebox\" href=\"http:\/\/www.agrarhof.at\/wp-content\/uploads\/2015\/11\/banner_waermelieferung.png\"><img loading=\"lazy\" decoding=\"async\" class=\"alignleft\" src=\"http:\/\/www.agrarhof.at\/wp-content\/uploads\/2015\/11\/banner_waermelieferung.png\" alt=\"W\u00e4rmelieferung\" width=\"929\" height=\"248\" \/><\/a><\/p>\n","protected":false},"excerpt":{"rendered":"<p>Ein zus\u00e4tzliches Angebot des Agrarservice Holzinger e. U., ist die Betreuung von Nahw\u00e4rmeheizungen. Neben Trocknung und Lieferung des Hackguts an den jeweiligen Standort ist besonders das st\u00e4ndige Warten der Heizungen das A und O.<\/p>\n","protected":false},"author":1,"featured_media":0,"parent":53,"menu_order":2,"comment_status":"closed","ping_status":"closed","template":"","meta":{"footnotes":""},"_links":{"self":[{"href":"https:\/\/agrarhof.at\/index.php\/wp-json\/wp\/v2\/pages\/128"}],"collection":[{"href":"https:\/\/agrarhof.at\/index.php\/wp-json\/wp\/v2\/pages"}],"about":[{"href":"https:\/\/agrarhof.at\/index.php\/wp-json\/wp\/v2\/types\/page"}],"author":[{"embeddable":true,"href":"https:\/\/agrarhof.at\/index.php\/wp-json\/wp\/v2\/users\/1"}],"replies":[{"embeddable":true,"href":"https:\/\/agrarhof.at\/index.php\/wp-json\/wp\/v2\/comments?post=128"}],"version-history":[{"count":18,"href":"https:\/\/agrarhof.at\/index.php\/wp-json\/wp\/v2\/pages\/128\/revisions"}],"predecessor-version":[{"id":481,"href":"https:\/\/agrarhof.at\/index.php\/wp-json\/wp\/v2\/pages\/128\/revisions\/481"}],"up":[{"embeddable":true,"href":"https:\/\/agrarhof.at\/index.php\/wp-json\/wp\/v2\/pages\/53"}],"wp:attachment":[{"href":"https:\/\/agrarhof.at\/index.php\/wp-json\/wp\/v2\/media?parent=128"}],"curies":[{"name":"wp","href":"https:\/\/api.w.org\/{rel}","templated":true}]}}