{"id":146,"date":"2015-11-13T20:07:15","date_gmt":"2015-11-13T19:07:15","guid":{"rendered":"http:\/\/www.agrarhof.at\/?page_id=146"},"modified":"2019-08-12T14:04:56","modified_gmt":"2019-08-12T12:04:56","slug":"impressum","status":"publish","type":"page","link":"https:\/\/agrarhof.at\/index.php\/impressum\/","title":{"rendered":"Impressum"},"content":{"rendered":"<p><strong>Medieninhaber und Hersteller:<\/strong><strong><br \/>\n<\/strong>Agrarservice Holzinger e. U.<br \/>\nIng. Gregor Holzinger<br \/>\nSt. P\u00f6ltner Stra\u00dfe 3<br \/>\n3125 Rottersdorf<\/p>\n<p>Weitere Informationen finden Sie durch Klick auf folgendes Logo:<br \/>\n<a href=\"https:\/\/firmen.wko.at\/Web\/DetailsInfos.aspx?FirmaID=2d14d98c-63c3-493e-9ed1-b694a49284f6&amp;StandortID=0&amp;Suchbegriff=Agrarservice+Holzinger&amp;Page=1\"><img decoding=\"async\" src=\"http:\/\/www.agrarhof.at\/wp-content\/uploads\/2015\/11\/wko_logo.gif\" alt=\"\" border=\"0\" \/><\/a><\/p>\n<p><strong>Zweck des Mediums:<\/strong><br \/>\nDie Website dient als Informationsmedium f\u00fcr alle Interessierten.<\/p>\n<p><strong>Copyright:<\/strong><br \/>\n<a href=\"http:\/\/creativecommons.org\/licenses\/by-nc-nd\/4.0\/\" rel=\"license\"><img decoding=\"async\" style=\"border-width: 0;\" src=\"https:\/\/i.creativecommons.org\/l\/by-nc-nd\/4.0\/88x31.png\" alt=\"Creative Commons Lizenzvertrag\" \/><\/a><br \/>\nDieses Werk ist lizenziert unter einer <a href=\"http:\/\/creativecommons.org\/licenses\/by-nc-nd\/4.0\/\" rel=\"license\">Creative Commons Namensnennung &#8211; Nicht kommerziell &#8211; Keine Bearbeitungen 4.0 International Lizenz<\/a>.<\/p>\n<p><strong>Haftungsinformationen:<\/strong><br \/>\nJegliche Haftung f\u00fcr Sch\u00e4den, die direkt oder indirekt aus der Benutzung dieser Website entstehen, wird ausgeschlossen. Sofern von dieser Website auf Internetseiten verwiesen wird, die von Dritten betreiben werden, \u00fcbernehmen wir keine Verantwortung f\u00fcr deren Inhalte. F\u00fcr Vollst\u00e4ndigkeit, Fehler redaktioneller und technischer Art bzw. Richtigkeit der Eintragungen wird keine Haftung \u00fcbernommen.<br \/>\nHerr Ing. Franz Holzinger beh\u00e4lt sich das Recht vor, ohne vorherige Ank\u00fcndigung Ver\u00e4nderungen der bereitgestellten Informationen vorzunehmen.<\/p>\n<p><strong>Technische Umsetzung:<br \/>\n<\/strong>Das Konzept f\u00fcr diese Website wurde im Rahmen eines Schulprojekts der HLW St. P\u00f6lten \u2013 Ausbildungsschwerpunkt IT-Creativ im Schuljahr 2015\/16 erstellt.<br \/>\nProjektmitglieder: Daniela Gruber, Silvia Holzinger und Viktoria Eichinger<\/p>\n<p><strong>Design:<\/strong><br \/>\nZeroGravity by <a href=\"http:\/\/galussothemes.com\">GalussoThemes.com<\/a> powered by <a href=\"http:\/\/wordpress.com\">WordPress<\/a><\/p>\n<p>&nbsp;<\/p>\n","protected":false},"excerpt":{"rendered":"<p>Medieninhaber und Hersteller: Agrarservice Holzinger e. U. Ing. Gregor Holzinger St. P\u00f6ltner Stra\u00dfe 3 3125 Rottersdorf Weitere Informationen finden Sie durch Klick auf folgendes Logo: Zweck des Mediums: Die Website dient als Informationsmedium f\u00fcr alle Interessierten. Copyright: Dieses Werk ist lizenziert unter einer Creative Commons Namensnennung &#8211; Nicht kommerziell &#8211; Keine Bearbeitungen 4.0 International Lizenz. Haftungsinformationen: Jegliche Haftung f\u00fcr Sch\u00e4den,&#8230; <a href=\"https:\/\/agrarhof.at\/index.php\/impressum\/\">Read more &raquo;<\/a><\/p>\n","protected":false},"author":1,"featured_media":0,"parent":0,"menu_order":0,"comment_status":"closed","ping_status":"closed","template":"","meta":{"footnotes":""},"_links":{"self":[{"href":"https:\/\/agrarhof.at\/index.php\/wp-json\/wp\/v2\/pages\/146"}],"collection":[{"href":"https:\/\/agrarhof.at\/index.php\/wp-json\/wp\/v2\/pages"}],"about":[{"href":"https:\/\/agrarhof.at\/index.php\/wp-json\/wp\/v2\/types\/page"}],"author":[{"embeddable":true,"href":"https:\/\/agrarhof.at\/index.php\/wp-json\/wp\/v2\/users\/1"}],"replies":[{"embeddable":true,"href":"https:\/\/agrarhof.at\/index.php\/wp-json\/wp\/v2\/comments?post=146"}],"version-history":[{"count":29,"href":"https:\/\/agrarhof.at\/index.php\/wp-json\/wp\/v2\/pages\/146\/revisions"}],"predecessor-version":[{"id":508,"href":"https:\/\/agrarhof.at\/index.php\/wp-json\/wp\/v2\/pages\/146\/revisions\/508"}],"wp:attachment":[{"href":"https:\/\/agrarhof.at\/index.php\/wp-json\/wp\/v2\/media?parent=146"}],"curies":[{"name":"wp","href":"https:\/\/api.w.org\/{rel}","templated":true}]}}