{"id":205,"date":"2015-11-30T14:09:55","date_gmt":"2015-11-30T13:09:55","guid":{"rendered":"http:\/\/www.agrarhof.at\/?page_id=205"},"modified":"2024-07-03T12:31:57","modified_gmt":"2024-07-03T10:31:57","slug":"home","status":"publish","type":"page","link":"https:\/\/agrarhof.at\/","title":{"rendered":"Home"},"content":{"rendered":"<p><strong>Herzlich willkommen beim Agrarservice Holzinger e. U.!\u00a0\u00a0\u00a0\u00a0\u00a0\u00a0\u00a0\u00a0\u00a0\u00a0\u00a0\u00a0\u00a0\u00a0\u00a0\u00a0\u00a0\u00a0\u00a0\u00a0\u00a0\u00a0\u00a0\u00a0\u00a0\u00a0\u00a0\u00a0\u00a0\u00a0\u00a0\u00a0\u00a0\u00a0\u00a0\u00a0\u00a0\u00a0\u00a0\u00a0\u00a0\u00a0\u00a0<\/strong><strong>\u00a0\u00a0\u00a0\u00a0\u00a0\u00a0\u00a0\u00a0\u00a0\u00a0 <\/strong><\/p>\n<p>Wir bieten Ihnen zahlreiche Leistungen im Bereich der Ernte, Feldarbeit und W\u00e4rmelieferung.<br \/>\nDas Agrarservice Holzinger e. U. steht f\u00fcr Freundlichkeit und legt gro\u00dfen Wert auf P\u00fcnktlichkeit und Genauigkeit.<\/p>\n<p>Gerne nehmen wir Ihre W\u00fcnsche und Anfragen entgegen.<\/p>\n<p>Machen Sie sich selbst ein Bild und sehen Sie sich unser Imagevideo an!<\/p>\n<p><iframe loading=\"lazy\" src=\"https:\/\/www.youtube.com\/embed\/ctBiUUNW2O0\" width=\"560\" height=\"315\" frameborder=\"0\" allowfullscreen=\"allowfullscreen\"><\/iframe><\/p>\n","protected":false},"excerpt":{"rendered":"<p>Herzlich willkommen beim Agrarservice Holzinger e. U.!\u00a0\u00a0\u00a0\u00a0\u00a0\u00a0\u00a0\u00a0\u00a0\u00a0\u00a0\u00a0\u00a0\u00a0\u00a0\u00a0\u00a0\u00a0\u00a0\u00a0\u00a0\u00a0\u00a0\u00a0\u00a0\u00a0\u00a0\u00a0\u00a0\u00a0\u00a0\u00a0\u00a0\u00a0\u00a0\u00a0\u00a0\u00a0\u00a0\u00a0\u00a0\u00a0\u00a0\u00a0\u00a0\u00a0\u00a0\u00a0\u00a0\u00a0\u00a0\u00a0\u00a0 Wir bieten Ihnen zahlreiche Leistungen im Bereich der Ernte, Feldarbeit und W\u00e4rmelieferung. Das Agrarservice Holzinger e. U. steht f\u00fcr Freundlichkeit und legt gro\u00dfen Wert auf P\u00fcnktlichkeit und Genauigkeit. Gerne nehmen wir Ihre W\u00fcnsche und Anfragen entgegen. Machen Sie sich selbst ein Bild und sehen Sie sich unser Imagevideo an!<\/p>\n","protected":false},"author":1,"featured_media":444,"parent":0,"menu_order":0,"comment_status":"closed","ping_status":"closed","template":"","meta":{"footnotes":""},"_links":{"self":[{"href":"https:\/\/agrarhof.at\/index.php\/wp-json\/wp\/v2\/pages\/205"}],"collection":[{"href":"https:\/\/agrarhof.at\/index.php\/wp-json\/wp\/v2\/pages"}],"about":[{"href":"https:\/\/agrarhof.at\/index.php\/wp-json\/wp\/v2\/types\/page"}],"author":[{"embeddable":true,"href":"https:\/\/agrarhof.at\/index.php\/wp-json\/wp\/v2\/users\/1"}],"replies":[{"embeddable":true,"href":"https:\/\/agrarhof.at\/index.php\/wp-json\/wp\/v2\/comments?post=205"}],"version-history":[{"count":20,"href":"https:\/\/agrarhof.at\/index.php\/wp-json\/wp\/v2\/pages\/205\/revisions"}],"predecessor-version":[{"id":504,"href":"https:\/\/agrarhof.at\/index.php\/wp-json\/wp\/v2\/pages\/205\/revisions\/504"}],"wp:featuredmedia":[{"embeddable":true,"href":"https:\/\/agrarhof.at\/index.php\/wp-json\/wp\/v2\/media\/444"}],"wp:attachment":[{"href":"https:\/\/agrarhof.at\/index.php\/wp-json\/wp\/v2\/media?parent=205"}],"curies":[{"name":"wp","href":"https:\/\/api.w.org\/{rel}","templated":true}]}}