{"id":81,"date":"2015-10-30T15:57:22","date_gmt":"2015-10-30T14:57:22","guid":{"rendered":"http:\/\/www.agrarhof.at\/?page_id=81"},"modified":"2016-02-23T19:54:19","modified_gmt":"2016-02-23T18:54:19","slug":"holzhandel","status":"publish","type":"page","link":"https:\/\/agrarhof.at\/index.php\/service\/holzhandel\/","title":{"rendered":"Feldarbeit"},"content":{"rendered":"<p>Ist die Ernte zu Ende, steht auch schon die Feldarbeit vor der T\u00fcr, und vor und nach der Ernte k\u00fcmmert sich das Agrarservice Holzinger gerne um Ihre anstehenden Arbeiten wie Pfl\u00fcgen, Tiefenlockern, S\u00e4en und Pflege der Pflanzen.<\/p>\n<p><a class=\"litebox\" href=\"http:\/\/www.agrarhof.at\/wp-content\/uploads\/2015\/12\/ackern-1024x183.jpg\"><img loading=\"lazy\" decoding=\"async\" class=\"alignleft\" src=\"http:\/\/www.agrarhof.at\/wp-content\/uploads\/2015\/12\/ackern-1024x183.jpg\" alt=\"Feldarbeit\" width=\"1654\" height=\"295\" \/><\/a><\/p>\n","protected":false},"excerpt":{"rendered":"<p>Ist die Ernte zu Ende, steht auch schon die Feldarbeit vor der T\u00fcr, und vor und nach der Ernte k\u00fcmmert sich das Agrarservice Holzinger gerne um Ihre anstehenden Arbeiten wie Pfl\u00fcgen, Tiefenlockern, S\u00e4en und Pflege der Pflanzen.<\/p>\n","protected":false},"author":1,"featured_media":0,"parent":53,"menu_order":2,"comment_status":"closed","ping_status":"closed","template":"","meta":{"footnotes":""},"_links":{"self":[{"href":"https:\/\/agrarhof.at\/index.php\/wp-json\/wp\/v2\/pages\/81"}],"collection":[{"href":"https:\/\/agrarhof.at\/index.php\/wp-json\/wp\/v2\/pages"}],"about":[{"href":"https:\/\/agrarhof.at\/index.php\/wp-json\/wp\/v2\/types\/page"}],"author":[{"embeddable":true,"href":"https:\/\/agrarhof.at\/index.php\/wp-json\/wp\/v2\/users\/1"}],"replies":[{"embeddable":true,"href":"https:\/\/agrarhof.at\/index.php\/wp-json\/wp\/v2\/comments?post=81"}],"version-history":[{"count":13,"href":"https:\/\/agrarhof.at\/index.php\/wp-json\/wp\/v2\/pages\/81\/revisions"}],"predecessor-version":[{"id":482,"href":"https:\/\/agrarhof.at\/index.php\/wp-json\/wp\/v2\/pages\/81\/revisions\/482"}],"up":[{"embeddable":true,"href":"https:\/\/agrarhof.at\/index.php\/wp-json\/wp\/v2\/pages\/53"}],"wp:attachment":[{"href":"https:\/\/agrarhof.at\/index.php\/wp-json\/wp\/v2\/media?parent=81"}],"curies":[{"name":"wp","href":"https:\/\/api.w.org\/{rel}","templated":true}]}}